{"id":39,"date":"2024-10-22T11:03:27","date_gmt":"2024-10-22T11:03:27","guid":{"rendered":"https:\/\/groenehartcoaching.nl\/?page_id=39"},"modified":"2025-09-22T16:41:24","modified_gmt":"2025-09-22T16:41:24","slug":"over-mij","status":"publish","type":"page","link":"https:\/\/groenehartcoaching.nl\/?page_id=39","title":{"rendered":"Over mij"},"content":{"rendered":"\t\t<div data-elementor-type=\"wp-page\" data-elementor-id=\"39\" class=\"elementor elementor-39\">\n\t\t\t\t<div class=\"elementor-element elementor-element-2e8ab8fc e-flex e-con-boxed e-con e-parent\" data-id=\"2e8ab8fc\" data-element_type=\"container\">\n\t\t\t\t\t<div class=\"e-con-inner\">\n\t\t\t\t<div class=\"elementor-element elementor-element-7cc8aa66 elementor-widget elementor-widget-text-editor\" data-id=\"7cc8aa66\" data-element_type=\"widget\" data-widget_type=\"text-editor.default\">\n\t\t\t\t<div class=\"elementor-widget-container\">\n\t\t\t\t\t\t\t\t\t\n<figure class=\"wp-block-image size-large is-resized is-style-rounded\"><img fetchpriority=\"high\" decoding=\"async\" class=\"alignnone size-medium wp-image-332\" src=\"https:\/\/groenehartcoaching.nl\/wp-content\/uploads\/2025\/09\/Lisette-voorkant-200x300.jpg\" alt=\"\" width=\"200\" height=\"300\" srcset=\"https:\/\/groenehartcoaching.nl\/wp-content\/uploads\/2025\/09\/Lisette-voorkant-200x300.jpg 200w, https:\/\/groenehartcoaching.nl\/wp-content\/uploads\/2025\/09\/Lisette-voorkant-683x1024.jpg 683w, https:\/\/groenehartcoaching.nl\/wp-content\/uploads\/2025\/09\/Lisette-voorkant-768x1152.jpg 768w, https:\/\/groenehartcoaching.nl\/wp-content\/uploads\/2025\/09\/Lisette-voorkant-1024x1536.jpg 1024w, https:\/\/groenehartcoaching.nl\/wp-content\/uploads\/2025\/09\/Lisette-voorkant-1365x2048.jpg 1365w, https:\/\/groenehartcoaching.nl\/wp-content\/uploads\/2025\/09\/Lisette-voorkant-scaled.jpg 1706w\" sizes=\"(max-width: 200px) 100vw, 200px\" \/><\/figure>\n\n<p data-start=\"229\" data-end=\"503\">Je voelt dat er meer in je zit. Meer rust, meer richting, meer voldoening. Maar je merkt ook dat je vastloopt in je hoofd: gedachten die blijven ronddraaien, overtuigingen die je tegenhouden of patronen die je energie kosten. Herkenbaar? Dan ben je hier op de juiste plek.<\/p>\n<p data-start=\"505\" data-end=\"794\">Ik ben Lisette Bergman, coach en verbinder. Sociaal, zorgzaam, creatief en met oog voor detail. Met mijn achtergrond in de gezondheidszorg en communicatie heb ik veel ervaring in het begeleiden van mensen. Nu zet ik die ervaring in om jou te helpen stappen te zetten die \u00e9cht verschil maken.<\/p>\n<h3 data-start=\"796\" data-end=\"842\">Wat je van mijn coaching kunt verwachten<\/h3>\n<p data-start=\"843\" data-end=\"1099\">Mijn aanpak gaat verder dan praten alleen. Ik help je om helder te krijgen wat er in je omgaat \u00e9n hoe je dat kunt doorbreken. Daarvoor combineer ik krachtige methodes zoals NLP (Neuro Lingu\u00efstisch Programmeren) en ACT (Acceptance and Commitment Therapy).<\/p>\n<p data-start=\"1101\" data-end=\"1138\">Dat betekent concreet dat je leert:<\/p>\n<ul data-start=\"1139\" data-end=\"1340\">\n<li data-start=\"1139\" data-end=\"1192\">\n<p data-start=\"1141\" data-end=\"1192\">grip te krijgen op je gedachten en overtuigingen,<\/p>\n<\/li>\n<li data-start=\"1193\" data-end=\"1238\">\n<p data-start=\"1195\" data-end=\"1238\">omgaan met angst, twijfel en onzekerheid,<\/p>\n<\/li>\n<li data-start=\"1239\" data-end=\"1287\">\n<p data-start=\"1241\" data-end=\"1287\">keuzes te maken die passen bij jouw waarden,<\/p>\n<\/li>\n<li data-start=\"1288\" data-end=\"1340\">\n<p data-start=\"1290\" data-end=\"1340\">meer rust, zelfvertrouwen en energie te ervaren.<\/p>\n<\/li>\n<\/ul>\n<h3 data-start=\"1747\" data-end=\"1776\">Waarom kiezen voor mij?<\/h3>\n<p data-start=\"1777\" data-end=\"2013\">Ik zie jou zoals je bent, zonder oordeel. Mijn kracht is dat ik snel tot de kern kom, en precies d\u00e1t benoem wat nodig is om verder te komen. Ik werk intu\u00eftief \u00e9n gestructureerd, zodat jij duidelijke stappen zet die je vooruit helpen.<\/p>\n<p data-start=\"2015\" data-end=\"2128\">Je hoeft bij mij niet perfect te zijn. Alleen bereid om eerlijk te kijken en kleine, moedige stappen te zetten.<\/p>\n<hr data-start=\"2130\" data-end=\"2133\" \/>\n<p data-start=\"2135\" data-end=\"2518\">\ud83d\udc9a <strong data-start=\"2138\" data-end=\"2189\">Wil jij weer zelf de regie nemen over je leven?<\/strong><br data-start=\"2189\" data-end=\"2192\" \/>Samen kijken we naar wat jou nu blokkeert \u00e9n hoe je dat kunt doorbreken. Je krijgt praktische handvatten, eerlijke feedback en inzichten die je meteen kunt toepassen. Geen standaardtraject, maar begeleiding die jou helpt keuzes te maken die echt bij je passen zodat je met meer rust, zelfvertrouwen en energie vooruitgaat.<\/p>\n\t\t\t\t\t\t\t\t<\/div>\n\t\t\t\t<\/div>\n\t\t\t\t\t<\/div>\n\t\t\t\t<\/div>\n\t\t\t\t<\/div>\n\t\t","protected":false},"excerpt":{"rendered":"<p>Je voelt dat er meer in je zit. Meer rust, meer richting, meer voldoening. Maar je merkt ook dat je vastloopt in je hoofd: gedachten die blijven ronddraaien, overtuigingen die je tegenhouden of patronen die je energie kosten. Herkenbaar? Dan ben je hier op de juiste plek. Ik ben Lisette Bergman, coach en verbinder. Sociaal, [&hellip;]<\/p>\n","protected":false},"author":1,"featured_media":231,"parent":0,"menu_order":0,"comment_status":"closed","ping_status":"closed","template":"","meta":{"footnotes":""},"class_list":["post-39","page","type-page","status-publish","has-post-thumbnail","hentry"],"_links":{"self":[{"href":"https:\/\/groenehartcoaching.nl\/index.php?rest_route=\/wp\/v2\/pages\/39","targetHints":{"allow":["GET"]}}],"collection":[{"href":"https:\/\/groenehartcoaching.nl\/index.php?rest_route=\/wp\/v2\/pages"}],"about":[{"href":"https:\/\/groenehartcoaching.nl\/index.php?rest_route=\/wp\/v2\/types\/page"}],"author":[{"embeddable":true,"href":"https:\/\/groenehartcoaching.nl\/index.php?rest_route=\/wp\/v2\/users\/1"}],"replies":[{"embeddable":true,"href":"https:\/\/groenehartcoaching.nl\/index.php?rest_route=%2Fwp%2Fv2%2Fcomments&post=39"}],"version-history":[{"count":12,"href":"https:\/\/groenehartcoaching.nl\/index.php?rest_route=\/wp\/v2\/pages\/39\/revisions"}],"predecessor-version":[{"id":362,"href":"https:\/\/groenehartcoaching.nl\/index.php?rest_route=\/wp\/v2\/pages\/39\/revisions\/362"}],"wp:featuredmedia":[{"embeddable":true,"href":"https:\/\/groenehartcoaching.nl\/index.php?rest_route=\/wp\/v2\/media\/231"}],"wp:attachment":[{"href":"https:\/\/groenehartcoaching.nl\/index.php?rest_route=%2Fwp%2Fv2%2Fmedia&parent=39"}],"curies":[{"name":"wp","href":"https:\/\/api.w.org\/{rel}","templated":true}]}}